{"id":840,"date":"2020-12-11T13:32:00","date_gmt":"2020-12-11T10:32:00","guid":{"rendered":"http:\/\/www.grafas.org\/demo06\/?page_id=840"},"modified":"2025-02-22T02:07:34","modified_gmt":"2025-02-21T23:07:34","slug":"hakkimizda","status":"publish","type":"page","link":"https:\/\/santmmc.com\/tr\/hakkimizda\/","title":{"rendered":"Hakk\u0131m\u0131zda"},"content":{"rendered":"\t\t<div data-elementor-type=\"wp-page\" data-elementor-id=\"840\" class=\"elementor elementor-840\">\n\t\t\t\t\t\t<section class=\"elementor-section elementor-top-section elementor-element elementor-element-0952ac8 elementor-section-boxed elementor-section-height-default elementor-section-height-default wpr-particle-no wpr-jarallax-no wpr-parallax-no wpr-sticky-section-no wpr-equal-height-no\" data-id=\"0952ac8\" data-element_type=\"section\" data-e-type=\"section\">\n\t\t\t\t\t\t\t<div class=\"elementor-background-overlay\"><\/div>\n\t\t\t\t\t\t\t<div class=\"elementor-container elementor-column-gap-default\">\n\t\t\t\t\t<div class=\"elementor-column elementor-col-100 elementor-top-column elementor-element elementor-element-727bf12\" data-id=\"727bf12\" data-element_type=\"column\" data-e-type=\"column\" data-settings=\"{&quot;background_background&quot;:&quot;classic&quot;}\">\n\t\t\t<div class=\"elementor-widget-wrap elementor-element-populated\">\n\t\t\t\t\t\t<div class=\"elementor-element elementor-element-2fbc6c9 elementor-widget elementor-widget-heading\" data-id=\"2fbc6c9\" data-element_type=\"widget\" data-e-type=\"widget\" data-widget_type=\"heading.default\">\n\t\t\t\t<div class=\"elementor-widget-container\">\n\t\t\t\t\t<h1 class=\"elementor-heading-title elementor-size-default\">Hakk\u0131m\u0131zda<\/h1>\t\t\t\t<\/div>\n\t\t\t\t<\/div>\n\t\t\t\t\t<\/div>\n\t\t<\/div>\n\t\t\t\t\t<\/div>\n\t\t<\/section>\n\t\t\t\t<section class=\"elementor-section elementor-top-section elementor-element elementor-element-31ddae4c elementor-section-boxed elementor-section-height-default elementor-section-height-default wpr-particle-no wpr-jarallax-no wpr-parallax-no wpr-sticky-section-no wpr-equal-height-no\" data-id=\"31ddae4c\" data-element_type=\"section\" data-e-type=\"section\">\n\t\t\t\t\t\t<div class=\"elementor-container elementor-column-gap-wide\">\n\t\t\t\t\t<div class=\"elementor-column elementor-col-50 elementor-top-column elementor-element elementor-element-27be2589 elementor-invisible\" data-id=\"27be2589\" data-element_type=\"column\" data-e-type=\"column\" data-settings=\"{&quot;animation&quot;:&quot;fadeIn&quot;,&quot;animation_delay&quot;:50}\">\n\t\t\t<div class=\"elementor-widget-wrap elementor-element-populated\">\n\t\t\t\t\t\t<div class=\"elementor-element elementor-element-12d72c45 elementor-widget elementor-widget-heading\" data-id=\"12d72c45\" data-element_type=\"widget\" data-e-type=\"widget\" data-widget_type=\"heading.default\">\n\t\t\t\t<div class=\"elementor-widget-container\">\n\t\t\t\t\t<h2 class=\"elementor-heading-title elementor-size-default\">\u015eAN-T MMC<\/h2>\t\t\t\t<\/div>\n\t\t\t\t<\/div>\n\t\t\t\t<div class=\"elementor-element elementor-element-47870cfa elementor-widget elementor-widget-text-editor\" data-id=\"47870cfa\" data-element_type=\"widget\" data-e-type=\"widget\" data-widget_type=\"text-editor.default\">\n\t\t\t\t<div class=\"elementor-widget-container\">\n\t\t\t\t\t\t\t\t\t<p>SHANT \u2013 LLC modern teknoloji alan\u0131nda faaliyet g\u00f6steren lider bir \u015firkettir. Yaz\u0131l\u0131m ve teknoloji \u00e7\u00f6z\u00fcmleri konusunda uzmanla\u015ft\u0131k. Amac\u0131m\u0131z, m\u00fc\u015fterilerimize en son teknolojiyle desteklenen y\u00fcksek kaliteli hizmetler sunarak i\u015f ihtiya\u00e7lar\u0131n\u0131 tam olarak kar\u015f\u0131lamakt\u0131r.v<\/p>\t\t\t\t\t\t\t\t<\/div>\n\t\t\t\t<\/div>\n\t\t\t\t<div class=\"elementor-element elementor-element-e94dcfa elementor-widget elementor-widget-spacer\" data-id=\"e94dcfa\" data-element_type=\"widget\" data-e-type=\"widget\" data-widget_type=\"spacer.default\">\n\t\t\t\t<div class=\"elementor-widget-container\">\n\t\t\t\t\t\t\t<div class=\"elementor-spacer\">\n\t\t\t<div class=\"elementor-spacer-inner\"><\/div>\n\t\t<\/div>\n\t\t\t\t\t\t<\/div>\n\t\t\t\t<\/div>\n\t\t\t\t<div class=\"elementor-element elementor-element-10adf2d5 elementor-widget elementor-widget-image\" data-id=\"10adf2d5\" data-element_type=\"widget\" data-e-type=\"widget\" data-widget_type=\"image.default\">\n\t\t\t\t<div class=\"elementor-widget-container\">\n\t\t\t\t\t\t\t\t\t\t\t\t\t\t\t<img fetchpriority=\"high\" decoding=\"async\" width=\"1000\" height=\"667\" src=\"https:\/\/santmmc.com\/tr\/wp-content\/uploads\/sites\/4\/2020\/12\/pexels-fauxels-3184436.jpg\" class=\"attachment-large size-large wp-image-891\" alt=\"\" srcset=\"https:\/\/santmmc.com\/tr\/wp-content\/uploads\/sites\/4\/2020\/12\/pexels-fauxels-3184436.jpg 1000w, https:\/\/santmmc.com\/tr\/wp-content\/uploads\/sites\/4\/2020\/12\/pexels-fauxels-3184436-300x200.jpg 300w, https:\/\/santmmc.com\/tr\/wp-content\/uploads\/sites\/4\/2020\/12\/pexels-fauxels-3184436-768x512.jpg 768w\" sizes=\"(max-width: 1000px) 100vw, 1000px\" \/>\t\t\t\t\t\t\t\t\t\t\t\t\t\t\t<\/div>\n\t\t\t\t<\/div>\n\t\t\t\t\t<\/div>\n\t\t<\/div>\n\t\t\t\t<div class=\"elementor-column elementor-col-50 elementor-top-column elementor-element elementor-element-1a638b95 elementor-invisible\" data-id=\"1a638b95\" data-element_type=\"column\" data-e-type=\"column\" data-settings=\"{&quot;animation&quot;:&quot;fadeIn&quot;,&quot;animation_delay&quot;:150}\">\n\t\t\t<div class=\"elementor-widget-wrap elementor-element-populated\">\n\t\t\t\t\t\t<div class=\"elementor-element elementor-element-47947d25 elementor-widget elementor-widget-heading\" data-id=\"47947d25\" data-element_type=\"widget\" data-e-type=\"widget\" data-widget_type=\"heading.default\">\n\t\t\t\t<div class=\"elementor-widget-container\">\n\t\t\t\t\t<h3 class=\"elementor-heading-title elementor-size-default\">Vizyonumuz<\/h3>\t\t\t\t<\/div>\n\t\t\t\t<\/div>\n\t\t\t\t<div class=\"elementor-element elementor-element-2a2dfd6f elementor-widget elementor-widget-text-editor\" data-id=\"2a2dfd6f\" data-element_type=\"widget\" data-e-type=\"widget\" data-widget_type=\"text-editor.default\">\n\t\t\t\t<div class=\"elementor-widget-container\">\n\t\t\t\t\t\t\t\t\t<p>Vizyonumuz, m\u00fc\u015fterilerimize yenilik\u00e7i teknoloji \u00e7\u00f6z\u00fcmleri sunarak sekt\u00f6r lideri olmakt\u0131r. M\u00fc\u015fterilerimizin ba\u015far\u0131s\u0131n\u0131 art\u0131rmak ve s\u00fcrd\u00fcr\u00fclebilir kalk\u0131nmay\u0131 sa\u011flamak i\u00e7in \u00e7al\u0131\u015f\u0131yoruz.<\/p>\t\t\t\t\t\t\t\t<\/div>\n\t\t\t\t<\/div>\n\t\t\t\t<div class=\"elementor-element elementor-element-5489669c elementor-widget elementor-widget-spacer\" data-id=\"5489669c\" data-element_type=\"widget\" data-e-type=\"widget\" data-widget_type=\"spacer.default\">\n\t\t\t\t<div class=\"elementor-widget-container\">\n\t\t\t\t\t\t\t<div class=\"elementor-spacer\">\n\t\t\t<div class=\"elementor-spacer-inner\"><\/div>\n\t\t<\/div>\n\t\t\t\t\t\t<\/div>\n\t\t\t\t<\/div>\n\t\t\t\t<div class=\"elementor-element elementor-element-59bed7e8 elementor-widget elementor-widget-image\" data-id=\"59bed7e8\" data-element_type=\"widget\" data-e-type=\"widget\" data-widget_type=\"image.default\">\n\t\t\t\t<div class=\"elementor-widget-container\">\n\t\t\t\t\t\t\t\t\t\t\t\t\t\t\t<img decoding=\"async\" width=\"1000\" height=\"667\" src=\"https:\/\/santmmc.com\/tr\/wp-content\/uploads\/sites\/4\/2020\/12\/pexels-fauxels-3184395.jpg\" class=\"attachment-large size-large wp-image-890\" alt=\"\" srcset=\"https:\/\/santmmc.com\/tr\/wp-content\/uploads\/sites\/4\/2020\/12\/pexels-fauxels-3184395.jpg 1000w, https:\/\/santmmc.com\/tr\/wp-content\/uploads\/sites\/4\/2020\/12\/pexels-fauxels-3184395-300x200.jpg 300w, https:\/\/santmmc.com\/tr\/wp-content\/uploads\/sites\/4\/2020\/12\/pexels-fauxels-3184395-768x512.jpg 768w\" sizes=\"(max-width: 1000px) 100vw, 1000px\" \/>\t\t\t\t\t\t\t\t\t\t\t\t\t\t\t<\/div>\n\t\t\t\t<\/div>\n\t\t\t\t<div class=\"elementor-element elementor-element-c6678c5 elementor-widget elementor-widget-spacer\" data-id=\"c6678c5\" data-element_type=\"widget\" data-e-type=\"widget\" data-widget_type=\"spacer.default\">\n\t\t\t\t<div class=\"elementor-widget-container\">\n\t\t\t\t\t\t\t<div class=\"elementor-spacer\">\n\t\t\t<div class=\"elementor-spacer-inner\"><\/div>\n\t\t<\/div>\n\t\t\t\t\t\t<\/div>\n\t\t\t\t<\/div>\n\t\t\t\t<div class=\"elementor-element elementor-element-439e73f3 elementor-widget elementor-widget-heading\" data-id=\"439e73f3\" data-element_type=\"widget\" data-e-type=\"widget\" data-widget_type=\"heading.default\">\n\t\t\t\t<div class=\"elementor-widget-container\">\n\t\t\t\t\t<h3 class=\"elementor-heading-title elementor-size-default\">Misyonumuz<\/h3>\t\t\t\t<\/div>\n\t\t\t\t<\/div>\n\t\t\t\t<div class=\"elementor-element elementor-element-58582cd elementor-widget elementor-widget-text-editor\" data-id=\"58582cd\" data-element_type=\"widget\" data-e-type=\"widget\" data-widget_type=\"text-editor.default\">\n\t\t\t\t<div class=\"elementor-widget-container\">\n\t\t\t\t\t\t\t\t\t<p>Misyonumuz m\u00fc\u015fterilerimize y\u00fcksek kalitede yaz\u0131l\u0131m ve teknoloji hizmetleri sunmakt\u0131r. M\u00fc\u015fterilerimizin ihtiya\u00e7lar\u0131n\u0131 kar\u015f\u0131layan etkili ve g\u00fcvenilir \u00e7\u00f6z\u00fcmler geli\u015ftirmek i\u00e7in buraday\u0131z.<\/p>\t\t\t\t\t\t\t\t<\/div>\n\t\t\t\t<\/div>\n\t\t\t\t<div class=\"elementor-element elementor-element-65b11c5 elementor-widget elementor-widget-spacer\" data-id=\"65b11c5\" data-element_type=\"widget\" data-e-type=\"widget\" data-widget_type=\"spacer.default\">\n\t\t\t\t<div class=\"elementor-widget-container\">\n\t\t\t\t\t\t\t<div class=\"elementor-spacer\">\n\t\t\t<div class=\"elementor-spacer-inner\"><\/div>\n\t\t<\/div>\n\t\t\t\t\t\t<\/div>\n\t\t\t\t<\/div>\n\t\t\t\t\t<\/div>\n\t\t<\/div>\n\t\t\t\t\t<\/div>\n\t\t<\/section>\n\t\t\t\t<\/div>\n\t\t","protected":false},"excerpt":{"rendered":"<p>Hakk\u0131m\u0131zda \u015eAN-T MMC SHANT \u2013 LLC modern teknoloji alan\u0131nda faaliyet g\u00f6steren lider bir \u015firkettir. Yaz\u0131l\u0131m ve teknoloji \u00e7\u00f6z\u00fcmleri konusunda uzmanla\u015ft\u0131k. Amac\u0131m\u0131z, m\u00fc\u015fterilerimize en son teknolojiyle desteklenen y\u00fcksek kaliteli hizmetler sunarak i\u015f ihtiya\u00e7lar\u0131n\u0131 tam olarak kar\u015f\u0131lamakt\u0131r.v Vizyonumuz Vizyonumuz, m\u00fc\u015fterilerimize yenilik\u00e7i teknoloji \u00e7\u00f6z\u00fcmleri sunarak sekt\u00f6r lideri olmakt\u0131r. M\u00fc\u015fterilerimizin ba\u015far\u0131s\u0131n\u0131 art\u0131rmak ve s\u00fcrd\u00fcr\u00fclebilir kalk\u0131nmay\u0131 sa\u011flamak i\u00e7in \u00e7al\u0131\u015f\u0131yoruz. Misyonumuz Misyonumuz m\u00fc\u015fterilerimize y\u00fcksek kalitede yaz\u0131l\u0131m ve teknoloji hizmetleri sunmakt\u0131r. M\u00fc\u015fterilerimizin ihtiya\u00e7lar\u0131n\u0131 kar\u015f\u0131layan etkili ve g\u00fcvenilir \u00e7\u00f6z\u00fcmler geli\u015ftirmek i\u00e7in buraday\u0131z.<\/p>\n","protected":false},"author":2,"featured_media":0,"parent":0,"menu_order":0,"comment_status":"closed","ping_status":"closed","template":"","meta":{"_kadence_starter_templates_imported_post":true,"_kad_post_transparent":"","_kad_post_title":"hide","_kad_post_layout":"fullwidth","_kad_post_sidebar_id":"","_kad_post_content_style":"unboxed","_kad_post_vertical_padding":"hide","_kad_post_feature":"hide","_kad_post_feature_position":"","_kad_post_header":false,"_kad_post_footer":false,"_kad_post_classname":"","footnotes":""},"class_list":["post-840","page","type-page","status-publish","hentry"],"yoast_head":"<!-- This site is optimized with the Yoast SEO plugin v27.5 - https:\/\/yoast.com\/product\/yoast-seo-wordpress\/ -->\n<title>Hakk\u0131m\u0131zda - \u015eAN-T Limited \u015firketi<\/title>\n<meta name=\"robots\" content=\"index, follow, max-snippet:-1, max-image-preview:large, max-video-preview:-1\" \/>\n<link rel=\"canonical\" href=\"https:\/\/santmmc.com\/tr\/hakkimizda\/\" \/>\n<meta property=\"og:locale\" content=\"tr_TR\" \/>\n<meta property=\"og:type\" content=\"article\" \/>\n<meta property=\"og:title\" content=\"Hakk\u0131m\u0131zda - \u015eAN-T Limited \u015firketi\" \/>\n<meta property=\"og:description\" content=\"Hakk\u0131m\u0131zda \u015eAN-T MMC SHANT \u2013 LLC modern teknoloji alan\u0131nda faaliyet g\u00f6steren lider bir \u015firkettir. Yaz\u0131l\u0131m ve teknoloji \u00e7\u00f6z\u00fcmleri konusunda uzmanla\u015ft\u0131k. Amac\u0131m\u0131z, m\u00fc\u015fterilerimize en son teknolojiyle desteklenen y\u00fcksek kaliteli hizmetler sunarak i\u015f ihtiya\u00e7lar\u0131n\u0131 tam olarak kar\u015f\u0131lamakt\u0131r.v Vizyonumuz Vizyonumuz, m\u00fc\u015fterilerimize yenilik\u00e7i teknoloji \u00e7\u00f6z\u00fcmleri sunarak sekt\u00f6r lideri olmakt\u0131r. M\u00fc\u015fterilerimizin ba\u015far\u0131s\u0131n\u0131 art\u0131rmak ve s\u00fcrd\u00fcr\u00fclebilir kalk\u0131nmay\u0131 sa\u011flamak i\u00e7in \u00e7al\u0131\u015f\u0131yoruz. Misyonumuz Misyonumuz m\u00fc\u015fterilerimize y\u00fcksek kalitede yaz\u0131l\u0131m ve teknoloji hizmetleri sunmakt\u0131r. M\u00fc\u015fterilerimizin ihtiya\u00e7lar\u0131n\u0131 kar\u015f\u0131layan etkili ve g\u00fcvenilir \u00e7\u00f6z\u00fcmler geli\u015ftirmek i\u00e7in buraday\u0131z.\" \/>\n<meta property=\"og:url\" content=\"https:\/\/santmmc.com\/tr\/hakkimizda\/\" \/>\n<meta property=\"og:site_name\" content=\"\u015eAN-T Limited \u015firketi\" \/>\n<meta property=\"article:modified_time\" content=\"2025-02-21T23:07:34+00:00\" \/>\n<meta property=\"og:image\" content=\"http:\/\/santmmc.com\/tr\/wp-content\/uploads\/sites\/4\/2020\/12\/pexels-fauxels-3184436.jpg\" \/>\n<meta name=\"twitter:card\" content=\"summary_large_image\" \/>\n<meta name=\"twitter:label1\" content=\"Tahmini okuma s\u00fcresi\" \/>\n\t<meta name=\"twitter:data1\" content=\"1 dakika\" \/>\n<script type=\"application\/ld+json\" class=\"yoast-schema-graph\">{\"@context\":\"https:\\\/\\\/schema.org\",\"@graph\":[{\"@type\":\"WebPage\",\"@id\":\"https:\\\/\\\/santmmc.com\\\/tr\\\/hakkimizda\\\/\",\"url\":\"https:\\\/\\\/santmmc.com\\\/tr\\\/hakkimizda\\\/\",\"name\":\"Hakk\u0131m\u0131zda - \u015eAN-T Limited \u015firketi\",\"isPartOf\":{\"@id\":\"https:\\\/\\\/santmmc.com\\\/tr\\\/#website\"},\"primaryImageOfPage\":{\"@id\":\"https:\\\/\\\/santmmc.com\\\/tr\\\/hakkimizda\\\/#primaryimage\"},\"image\":{\"@id\":\"https:\\\/\\\/santmmc.com\\\/tr\\\/hakkimizda\\\/#primaryimage\"},\"thumbnailUrl\":\"http:\\\/\\\/santmmc.com\\\/tr\\\/wp-content\\\/uploads\\\/sites\\\/4\\\/2020\\\/12\\\/pexels-fauxels-3184436.jpg\",\"datePublished\":\"2020-12-11T10:32:00+00:00\",\"dateModified\":\"2025-02-21T23:07:34+00:00\",\"breadcrumb\":{\"@id\":\"https:\\\/\\\/santmmc.com\\\/tr\\\/hakkimizda\\\/#breadcrumb\"},\"inLanguage\":\"tr\",\"potentialAction\":[{\"@type\":\"ReadAction\",\"target\":[\"https:\\\/\\\/santmmc.com\\\/tr\\\/hakkimizda\\\/\"]}]},{\"@type\":\"ImageObject\",\"inLanguage\":\"tr\",\"@id\":\"https:\\\/\\\/santmmc.com\\\/tr\\\/hakkimizda\\\/#primaryimage\",\"url\":\"https:\\\/\\\/santmmc.com\\\/tr\\\/wp-content\\\/uploads\\\/sites\\\/4\\\/2020\\\/12\\\/pexels-fauxels-3184436.jpg\",\"contentUrl\":\"https:\\\/\\\/santmmc.com\\\/tr\\\/wp-content\\\/uploads\\\/sites\\\/4\\\/2020\\\/12\\\/pexels-fauxels-3184436.jpg\",\"width\":1000,\"height\":667},{\"@type\":\"BreadcrumbList\",\"@id\":\"https:\\\/\\\/santmmc.com\\\/tr\\\/hakkimizda\\\/#breadcrumb\",\"itemListElement\":[{\"@type\":\"ListItem\",\"position\":1,\"name\":\"Anasayfa\",\"item\":\"https:\\\/\\\/santmmc.com\\\/tr\\\/\"},{\"@type\":\"ListItem\",\"position\":2,\"name\":\"Hakk\u0131m\u0131zda\"}]},{\"@type\":\"WebSite\",\"@id\":\"https:\\\/\\\/santmmc.com\\\/tr\\\/#website\",\"url\":\"https:\\\/\\\/santmmc.com\\\/tr\\\/\",\"name\":\"\u015eAN-T Limited \u015firketi\",\"description\":\"\",\"publisher\":{\"@id\":\"https:\\\/\\\/santmmc.com\\\/tr\\\/#organization\"},\"potentialAction\":[{\"@type\":\"SearchAction\",\"target\":{\"@type\":\"EntryPoint\",\"urlTemplate\":\"https:\\\/\\\/santmmc.com\\\/tr\\\/?s={search_term_string}\"},\"query-input\":{\"@type\":\"PropertyValueSpecification\",\"valueRequired\":true,\"valueName\":\"search_term_string\"}}],\"inLanguage\":\"tr\"},{\"@type\":\"Organization\",\"@id\":\"https:\\\/\\\/santmmc.com\\\/tr\\\/#organization\",\"name\":\"\u015eAN-T Limited \u015firketi\",\"url\":\"https:\\\/\\\/santmmc.com\\\/tr\\\/\",\"logo\":{\"@type\":\"ImageObject\",\"inLanguage\":\"tr\",\"@id\":\"https:\\\/\\\/santmmc.com\\\/tr\\\/#\\\/schema\\\/logo\\\/image\\\/\",\"url\":\"https:\\\/\\\/santmmc.com\\\/tr\\\/wp-content\\\/uploads\\\/sites\\\/4\\\/2025\\\/02\\\/cropped-2.png\",\"contentUrl\":\"https:\\\/\\\/santmmc.com\\\/tr\\\/wp-content\\\/uploads\\\/sites\\\/4\\\/2025\\\/02\\\/cropped-2.png\",\"width\":500,\"height\":200,\"caption\":\"\u015eAN-T  Limited \u015firketi \"},\"image\":{\"@id\":\"https:\\\/\\\/santmmc.com\\\/tr\\\/#\\\/schema\\\/logo\\\/image\\\/\"}}]}<\/script>\n<!-- \/ Yoast SEO plugin. -->","yoast_head_json":{"title":"Hakk\u0131m\u0131zda - \u015eAN-T Limited \u015firketi","robots":{"index":"index","follow":"follow","max-snippet":"max-snippet:-1","max-image-preview":"max-image-preview:large","max-video-preview":"max-video-preview:-1"},"canonical":"https:\/\/santmmc.com\/tr\/hakkimizda\/","og_locale":"tr_TR","og_type":"article","og_title":"Hakk\u0131m\u0131zda - \u015eAN-T Limited \u015firketi","og_description":"Hakk\u0131m\u0131zda \u015eAN-T MMC SHANT \u2013 LLC modern teknoloji alan\u0131nda faaliyet g\u00f6steren lider bir \u015firkettir. Yaz\u0131l\u0131m ve teknoloji \u00e7\u00f6z\u00fcmleri konusunda uzmanla\u015ft\u0131k. Amac\u0131m\u0131z, m\u00fc\u015fterilerimize en son teknolojiyle desteklenen y\u00fcksek kaliteli hizmetler sunarak i\u015f ihtiya\u00e7lar\u0131n\u0131 tam olarak kar\u015f\u0131lamakt\u0131r.v Vizyonumuz Vizyonumuz, m\u00fc\u015fterilerimize yenilik\u00e7i teknoloji \u00e7\u00f6z\u00fcmleri sunarak sekt\u00f6r lideri olmakt\u0131r. M\u00fc\u015fterilerimizin ba\u015far\u0131s\u0131n\u0131 art\u0131rmak ve s\u00fcrd\u00fcr\u00fclebilir kalk\u0131nmay\u0131 sa\u011flamak i\u00e7in \u00e7al\u0131\u015f\u0131yoruz. Misyonumuz Misyonumuz m\u00fc\u015fterilerimize y\u00fcksek kalitede yaz\u0131l\u0131m ve teknoloji hizmetleri sunmakt\u0131r. M\u00fc\u015fterilerimizin ihtiya\u00e7lar\u0131n\u0131 kar\u015f\u0131layan etkili ve g\u00fcvenilir \u00e7\u00f6z\u00fcmler geli\u015ftirmek i\u00e7in buraday\u0131z.","og_url":"https:\/\/santmmc.com\/tr\/hakkimizda\/","og_site_name":"\u015eAN-T Limited \u015firketi","article_modified_time":"2025-02-21T23:07:34+00:00","og_image":[{"url":"http:\/\/santmmc.com\/tr\/wp-content\/uploads\/sites\/4\/2020\/12\/pexels-fauxels-3184436.jpg","type":"","width":"","height":""}],"twitter_card":"summary_large_image","twitter_misc":{"Tahmini okuma s\u00fcresi":"1 dakika"},"schema":{"@context":"https:\/\/schema.org","@graph":[{"@type":"WebPage","@id":"https:\/\/santmmc.com\/tr\/hakkimizda\/","url":"https:\/\/santmmc.com\/tr\/hakkimizda\/","name":"Hakk\u0131m\u0131zda - \u015eAN-T Limited \u015firketi","isPartOf":{"@id":"https:\/\/santmmc.com\/tr\/#website"},"primaryImageOfPage":{"@id":"https:\/\/santmmc.com\/tr\/hakkimizda\/#primaryimage"},"image":{"@id":"https:\/\/santmmc.com\/tr\/hakkimizda\/#primaryimage"},"thumbnailUrl":"http:\/\/santmmc.com\/tr\/wp-content\/uploads\/sites\/4\/2020\/12\/pexels-fauxels-3184436.jpg","datePublished":"2020-12-11T10:32:00+00:00","dateModified":"2025-02-21T23:07:34+00:00","breadcrumb":{"@id":"https:\/\/santmmc.com\/tr\/hakkimizda\/#breadcrumb"},"inLanguage":"tr","potentialAction":[{"@type":"ReadAction","target":["https:\/\/santmmc.com\/tr\/hakkimizda\/"]}]},{"@type":"ImageObject","inLanguage":"tr","@id":"https:\/\/santmmc.com\/tr\/hakkimizda\/#primaryimage","url":"https:\/\/santmmc.com\/tr\/wp-content\/uploads\/sites\/4\/2020\/12\/pexels-fauxels-3184436.jpg","contentUrl":"https:\/\/santmmc.com\/tr\/wp-content\/uploads\/sites\/4\/2020\/12\/pexels-fauxels-3184436.jpg","width":1000,"height":667},{"@type":"BreadcrumbList","@id":"https:\/\/santmmc.com\/tr\/hakkimizda\/#breadcrumb","itemListElement":[{"@type":"ListItem","position":1,"name":"Anasayfa","item":"https:\/\/santmmc.com\/tr\/"},{"@type":"ListItem","position":2,"name":"Hakk\u0131m\u0131zda"}]},{"@type":"WebSite","@id":"https:\/\/santmmc.com\/tr\/#website","url":"https:\/\/santmmc.com\/tr\/","name":"\u015eAN-T Limited \u015firketi","description":"","publisher":{"@id":"https:\/\/santmmc.com\/tr\/#organization"},"potentialAction":[{"@type":"SearchAction","target":{"@type":"EntryPoint","urlTemplate":"https:\/\/santmmc.com\/tr\/?s={search_term_string}"},"query-input":{"@type":"PropertyValueSpecification","valueRequired":true,"valueName":"search_term_string"}}],"inLanguage":"tr"},{"@type":"Organization","@id":"https:\/\/santmmc.com\/tr\/#organization","name":"\u015eAN-T Limited \u015firketi","url":"https:\/\/santmmc.com\/tr\/","logo":{"@type":"ImageObject","inLanguage":"tr","@id":"https:\/\/santmmc.com\/tr\/#\/schema\/logo\/image\/","url":"https:\/\/santmmc.com\/tr\/wp-content\/uploads\/sites\/4\/2025\/02\/cropped-2.png","contentUrl":"https:\/\/santmmc.com\/tr\/wp-content\/uploads\/sites\/4\/2025\/02\/cropped-2.png","width":500,"height":200,"caption":"\u015eAN-T  Limited \u015firketi "},"image":{"@id":"https:\/\/santmmc.com\/tr\/#\/schema\/logo\/image\/"}}]}},"_links":{"self":[{"href":"https:\/\/santmmc.com\/tr\/wp-json\/wp\/v2\/pages\/840","targetHints":{"allow":["GET"]}}],"collection":[{"href":"https:\/\/santmmc.com\/tr\/wp-json\/wp\/v2\/pages"}],"about":[{"href":"https:\/\/santmmc.com\/tr\/wp-json\/wp\/v2\/types\/page"}],"author":[{"embeddable":true,"href":"https:\/\/santmmc.com\/tr\/wp-json\/wp\/v2\/users\/2"}],"replies":[{"embeddable":true,"href":"https:\/\/santmmc.com\/tr\/wp-json\/wp\/v2\/comments?post=840"}],"version-history":[{"count":5,"href":"https:\/\/santmmc.com\/tr\/wp-json\/wp\/v2\/pages\/840\/revisions"}],"predecessor-version":[{"id":1385,"href":"https:\/\/santmmc.com\/tr\/wp-json\/wp\/v2\/pages\/840\/revisions\/1385"}],"wp:attachment":[{"href":"https:\/\/santmmc.com\/tr\/wp-json\/wp\/v2\/media?parent=840"}],"curies":[{"name":"wp","href":"https:\/\/api.w.org\/{rel}","templated":true}]}}